{"id":134,"date":"2025-08-20T17:45:46","date_gmt":"2025-08-20T15:45:46","guid":{"rendered":"https:\/\/chronoliths.com\/accueil\/"},"modified":"2026-04-15T14:29:37","modified_gmt":"2026-04-15T12:29:37","slug":"accueil","status":"publish","type":"page","link":"https:\/\/chronoliths.com\/fr\/","title":{"rendered":"Accueil"},"content":{"rendered":"\n<div class=\"wp-block-group is-nowrap is-layout-flex wp-container-core-group-is-layout-6c531013 wp-block-group-is-layout-flex\">\n<figure class=\"wp-block-image size-full\"><img loading=\"lazy\" decoding=\"async\" width=\"2560\" height=\"2560\" src=\"https:\/\/chronoliths.com\/wp-content\/uploads\/2026\/04\/IMG_2753-scaled.jpeg\" alt=\"\" class=\"wp-image-129\" srcset=\"https:\/\/chronoliths.com\/wp-content\/uploads\/2026\/04\/IMG_2753-scaled.jpeg 2560w, https:\/\/chronoliths.com\/wp-content\/uploads\/2026\/04\/IMG_2753-300x300.jpeg 300w, https:\/\/chronoliths.com\/wp-content\/uploads\/2026\/04\/IMG_2753-1024x1024.jpeg 1024w, https:\/\/chronoliths.com\/wp-content\/uploads\/2026\/04\/IMG_2753-150x150.jpeg 150w, https:\/\/chronoliths.com\/wp-content\/uploads\/2026\/04\/IMG_2753-768x768.jpeg 768w, https:\/\/chronoliths.com\/wp-content\/uploads\/2026\/04\/IMG_2753-1536x1536.jpeg 1536w, https:\/\/chronoliths.com\/wp-content\/uploads\/2026\/04\/IMG_2753-2048x2048.jpeg 2048w\" sizes=\"auto, (max-width: 2560px) 100vw, 2560px\" \/><\/figure>\n\n\n\n<div class=\"wp-block-group is-layout-flow wp-block-group-is-layout-flow\" style=\"padding-top:3rem;padding-bottom:3rem\">\n<h1 class=\"wp-block-heading\">chronoliths<\/h1>\n\n\n\n<h3 class=\"wp-block-heading\">Huit objets en gr\u00e8s noir.<br\/>Sculpt\u00e9s avec une lame pal\u00e9olithique.<br\/>Marqu\u00e9s des plus anciens symboles connus de l&rsquo;humanit\u00e9.<\/h3>\n\n\n\n<p><em>un monde onirique du r\u00e9el<\/em><\/p>\n\n\n\n<p><a href=\"https:\/\/chronolithsdispatches.substack.com\">Recevez nos d\u00e9p\u00eaches<\/a> \u2014 une image, un fragment, une fois par mois.<\/p>\n<\/div>\n<\/div>\n\n<div class=\"wp-block-columns is-layout-flex wp-container-core-columns-is-layout-28f84493 wp-block-columns-is-layout-flex\">\n<div class=\"wp-block-column is-layout-flow wp-block-column-is-layout-flow\" style=\"flex-basis:50%\"><\/div>\n\n\n\n<div class=\"wp-block-column is-layout-flow wp-block-column-is-layout-flow\" style=\"flex-basis:50%\"><\/div>\n<\/div>\n","protected":false},"excerpt":{"rendered":"<p>chronoliths Huit objets en gr\u00e8s noir.Sculpt\u00e9s avec une lame pal\u00e9olithique.Marqu\u00e9s des plus anciens symboles connus de l&rsquo;humanit\u00e9. un monde onirique du r\u00e9el Recevez nos d\u00e9p\u00eaches \u2014 une image, un fragment, une fois par mois.<\/p>\n","protected":false},"author":1,"featured_media":0,"parent":0,"menu_order":0,"comment_status":"closed","ping_status":"closed","template":"","meta":{"footnotes":""},"class_list":["post-134","page","type-page","status-publish","hentry"],"_links":{"self":[{"href":"https:\/\/chronoliths.com\/fr\/wp-json\/wp\/v2\/pages\/134","targetHints":{"allow":["GET"]}}],"collection":[{"href":"https:\/\/chronoliths.com\/fr\/wp-json\/wp\/v2\/pages"}],"about":[{"href":"https:\/\/chronoliths.com\/fr\/wp-json\/wp\/v2\/types\/page"}],"author":[{"embeddable":true,"href":"https:\/\/chronoliths.com\/fr\/wp-json\/wp\/v2\/users\/1"}],"replies":[{"embeddable":true,"href":"https:\/\/chronoliths.com\/fr\/wp-json\/wp\/v2\/comments?post=134"}],"version-history":[{"count":1,"href":"https:\/\/chronoliths.com\/fr\/wp-json\/wp\/v2\/pages\/134\/revisions"}],"predecessor-version":[{"id":135,"href":"https:\/\/chronoliths.com\/fr\/wp-json\/wp\/v2\/pages\/134\/revisions\/135"}],"wp:attachment":[{"href":"https:\/\/chronoliths.com\/fr\/wp-json\/wp\/v2\/media?parent=134"}],"curies":[{"name":"wp","href":"https:\/\/api.w.org\/{rel}","templated":true}]}}